{"id":13,"date":"2025-01-13T12:59:00","date_gmt":"2025-01-13T12:59:00","guid":{"rendered":"https:\/\/cnc-machiningservices.com\/?page_id=13"},"modified":"2025-07-07T11:11:11","modified_gmt":"2025-07-07T11:11:11","slug":"%e3%82%b3%e3%83%b3%e3%82%bf%e3%82%af%e3%83%88","status":"publish","type":"page","link":"https:\/\/cnc-machiningservices.com\/ja\/%e3%82%b3%e3%83%b3%e3%82%bf%e3%82%af%e3%83%88\/","title":{"rendered":"\u9023\u7d61\u5148"},"content":{"rendered":"<div data-elementor-type=\"wp-page\" data-elementor-id=\"13\" class=\"elementor elementor-13\" data-elementor-post-type=\"page\">\n\t\t\t\t<div class=\"elementor-element elementor-element-3c93ac7 e-con-full e-flex e-con e-parent\" data-id=\"3c93ac7\" data-element_type=\"container\" data-e-type=\"container\" data-settings=\"{&quot;background_background&quot;:&quot;gradient&quot;,&quot;ekit_has_onepagescroll_dot&quot;:&quot;yes&quot;}\">\n\t\t<div class=\"elementor-element elementor-element-a3c0976 e-flex e-con-boxed e-con e-child\" data-id=\"a3c0976\" data-element_type=\"container\" data-e-type=\"container\" data-settings=\"{&quot;ekit_has_onepagescroll_dot&quot;:&quot;yes&quot;}\">\n\t\t\t\t\t<div class=\"e-con-inner\">\n\t\t\t\t<div class=\"elementor-element elementor-element-19934b0 elementor-widget elementor-widget-breadcrumbs\" data-id=\"19934b0\" data-element_type=\"widget\" data-e-type=\"widget\" data-settings=\"{&quot;ekit_we_effect_on&quot;:&quot;none&quot;}\" data-widget_type=\"breadcrumbs.default\">\n\t\t\t\t<div class=\"elementor-widget-container\">\n\t\t\t\t\t<nav aria-label=\"\u30d1\u30f3\u7c89\" class=\"rank-math-breadcrumb\"><p><span class=\"last\">\u30db\u30fc\u30e0<\/span><\/p><\/nav>\t\t\t\t<\/div>\n\t\t\t\t<\/div>\n\t\t\t\t<div class=\"elementor-element elementor-element-c6b598f elementor-widget elementor-widget-heading\" data-id=\"c6b598f\" data-element_type=\"widget\" data-e-type=\"widget\" data-settings=\"{&quot;ekit_we_effect_on&quot;:&quot;none&quot;}\" data-widget_type=\"heading.default\">\n\t\t\t\t<div class=\"elementor-widget-container\">\n\t\t\t\t\t<h1 class=\"elementor-heading-title elementor-size-default\">\u304a\u554f\u3044\u5408\u308f\u305b\n<\/h1>\t\t\t\t<\/div>\n\t\t\t\t<\/div>\n\t\t\t\t<div class=\"elementor-element elementor-element-be3e7cc elementor-widget elementor-widget-text-editor\" data-id=\"be3e7cc\" data-element_type=\"widget\" data-e-type=\"widget\" data-settings=\"{&quot;ekit_we_effect_on&quot;:&quot;none&quot;}\" data-widget_type=\"text-editor.default\">\n\t\t\t\t<div class=\"elementor-widget-container\">\n\t\t\t\t\t\t\t\t\t\u7cbe\u5bc6\u88fd\u9020\u30bd\u30ea\u30e5\u30fc\u30b7\u30e7\u30f3\u306b\u95a2\u3059\u308b\u5c02\u9580\u5bb6\u306e\u30ac\u30a4\u30c0\u30f3\u30b9\u306b\u3064\u3044\u3066\u306f\u3001MXY Machining\u306b\u3054\u9023\u7d61\u304f\u3060\u3055\u3044\u3002\u79c1\u305f\u3061\u306e\u30c1\u30fc\u30e0\u306f\u3001\u3042\u306a\u305f\u306e\u30ab\u30b9\u30bf\u30e0\u30d7\u30ed\u30b8\u30a7\u30af\u30c8\u306e\u30cb\u30fc\u30ba\u3092\u652f\u63f4\u3059\u308b\u6e96\u5099\u304c\u3067\u304d\u3066\u3044\u307e\u3059\u3002\t\t\t\t\t\t\t\t<\/div>\n\t\t\t\t<\/div>\n\t\t\t\t\t<\/div>\n\t\t\t\t<\/div>\n\t\t\t\t<\/div>\n\t\t<div class=\"elementor-element elementor-element-1a75c68 e-con-full e-flex e-con e-parent\" data-id=\"1a75c68\" data-element_type=\"container\" data-e-type=\"container\" data-settings=\"{&quot;ekit_has_onepagescroll_dot&quot;:&quot;yes&quot;}\">\n\t\t\t\t<div class=\"elementor-element elementor-element-749afd9 elementor-widget__width-inherit elementor-widget elementor-widget-heading\" data-id=\"749afd9\" data-element_type=\"widget\" data-e-type=\"widget\" data-settings=\"{&quot;ekit_we_effect_on&quot;:&quot;none&quot;}\" data-widget_type=\"heading.default\">\n\t\t\t\t<div class=\"elementor-widget-container\">\n\t\t\t\t\t<h2 class=\"elementor-heading-title elementor-size-default\">\u304a\u554f\u3044\u5408\u308f\u305b<\/h2>\t\t\t\t<\/div>\n\t\t\t\t<\/div>\n\t\t<div class=\"elementor-element elementor-element-32f8e0b e-flex e-con-boxed e-con e-child\" data-id=\"32f8e0b\" data-element_type=\"container\" data-e-type=\"container\" data-settings=\"{&quot;ekit_has_onepagescroll_dot&quot;:&quot;yes&quot;}\">\n\t\t\t\t\t<div class=\"e-con-inner\">\n\t\t\t\t<div class=\"elementor-element elementor-element-d983d73 elementor-view-stacked elementor-shape-square elementor-widget-tablet__width-initial elementor-position-inline-start elementor-widget__width-initial elementor-mobile-position-block-start elementor-widget elementor-widget-icon-box\" data-id=\"d983d73\" data-element_type=\"widget\" data-e-type=\"widget\" data-settings=\"{&quot;ekit_we_effect_on&quot;:&quot;none&quot;}\" data-widget_type=\"icon-box.default\">\n\t\t\t\t<div class=\"elementor-widget-container\">\n\t\t\t\t\t\t\t<div class=\"elementor-icon-box-wrapper\">\n\n\t\t\t\t\t\t<div class=\"elementor-icon-box-icon\">\n\t\t\t\t<a href=\"tel:+8613267261491\" class=\"elementor-icon elementor-animation-shrink\" tabindex=\"-1\" aria-label=\"\u96fb\u8a71\u756a\u53f7\">\n\t\t\t\t<i aria-hidden=\"true\" class=\"icon icon-phone-call2\"><\/i>\t\t\t\t<\/a>\n\t\t\t<\/div>\n\t\t\t\n\t\t\t\t\t\t<div class=\"elementor-icon-box-content\">\n\n\t\t\t\t\t\t\t\t\t<h4 class=\"elementor-icon-box-title\">\n\t\t\t\t\t\t<a href=\"tel:+8613267261491\" >\n\t\t\t\t\t\t\t\u96fb\u8a71\u756a\u53f7\t\t\t\t\t\t<\/a>\n\t\t\t\t\t<\/h4>\n\t\t\t\t\n\t\t\t\t\t\t\t\t\t<p class=\"elementor-icon-box-description\">\n\t\t\t\t\t\t+86 13267261491\t\t\t\t\t<\/p>\n\t\t\t\t\n\t\t\t<\/div>\n\t\t\t\n\t\t<\/div>\n\t\t\t\t\t\t<\/div>\n\t\t\t\t<\/div>\n\t\t\t\t<div class=\"elementor-element elementor-element-ed817e0 elementor-view-stacked elementor-shape-square elementor-widget-tablet__width-initial elementor-position-inline-start elementor-widget__width-initial elementor-mobile-position-block-start elementor-widget elementor-widget-icon-box\" data-id=\"ed817e0\" data-element_type=\"widget\" data-e-type=\"widget\" data-settings=\"{&quot;ekit_we_effect_on&quot;:&quot;none&quot;}\" data-widget_type=\"icon-box.default\">\n\t\t\t\t<div class=\"elementor-widget-container\">\n\t\t\t\t\t\t\t<div class=\"elementor-icon-box-wrapper\">\n\n\t\t\t\t\t\t<div class=\"elementor-icon-box-icon\">\n\t\t\t\t<a href=\"mailto:patrick@cnc-machiningservices.com\" class=\"elementor-icon elementor-animation-shrink\" tabindex=\"-1\" aria-label=\"\u30e1\u30fc\u30eb\u3067\u306e\u304a\u554f\u3044\u5408\u308f\u305b\">\n\t\t\t\t<i aria-hidden=\"true\" class=\"icon icon-email1\"><\/i>\t\t\t\t<\/a>\n\t\t\t<\/div>\n\t\t\t\n\t\t\t\t\t\t<div class=\"elementor-icon-box-content\">\n\n\t\t\t\t\t\t\t\t\t<h4 class=\"elementor-icon-box-title\">\n\t\t\t\t\t\t<a href=\"mailto:patrick@cnc-machiningservices.com\" >\n\t\t\t\t\t\t\t\u30e1\u30fc\u30eb\u3067\u306e\u304a\u554f\u3044\u5408\u308f\u305b\t\t\t\t\t\t<\/a>\n\t\t\t\t\t<\/h4>\n\t\t\t\t\n\t\t\t\t\t\t\t\t\t<p class=\"elementor-icon-box-description\">\n\t\t\t\t\t\tpatrick@cnc-machiningservices.com\t\t\t\t\t<\/p>\n\t\t\t\t\n\t\t\t<\/div>\n\t\t\t\n\t\t<\/div>\n\t\t\t\t\t\t<\/div>\n\t\t\t\t<\/div>\n\t\t\t\t<div class=\"elementor-element elementor-element-c4cc4be elementor-view-stacked elementor-shape-square elementor-widget-tablet__width-initial elementor-position-inline-start elementor-widget__width-initial elementor-mobile-position-block-start elementor-widget elementor-widget-icon-box\" data-id=\"c4cc4be\" data-element_type=\"widget\" data-e-type=\"widget\" data-settings=\"{&quot;ekit_we_effect_on&quot;:&quot;none&quot;}\" data-widget_type=\"icon-box.default\">\n\t\t\t\t<div class=\"elementor-widget-container\">\n\t\t\t\t\t\t\t<div class=\"elementor-icon-box-wrapper\">\n\n\t\t\t\t\t\t<div class=\"elementor-icon-box-icon\">\n\t\t\t\t<span  class=\"elementor-icon elementor-animation-shrink\">\n\t\t\t\t<svg aria-hidden=\"true\" class=\"e-font-icon-svg e-far-building\" viewbox=\"0 0 448 512\" xmlns=\"http:\/\/www.w3.org\/2000\/svg\"><path d=\"M128 148v-40c0-6.6 5.4-12 12-12h40c6.6 0 12 5.4 12 12v40c0 6.6-5.4 12-12 12h-40c-6.6 0-12-5.4-12-12zm140 12h40c6.6 0 12-5.4 12-12v-40c0-6.6-5.4-12-12-12h-40c-6.6 0-12 5.4-12 12v40c0 6.6 5.4 12 12 12zm-128 96h40c6.6 0 12-5.4 12-12v-40c0-6.6-5.4-12-12-12h-40c-6.6 0-12 5.4-12 12v40c0 6.6 5.4 12 12 12zm128 0h40c6.6 0 12-5.4 12-12v-40c0-6.6-5.4-12-12-12h-40c-6.6 0-12 5.4-12 12v40c0 6.6 5.4 12 12 12zm-76 84v-40c0-6.6-5.4-12-12-12h-40c-6.6 0-12 5.4-12 12v40c0 6.6 5.4 12 12 12h40c6.6 0 12-5.4 12-12zm76 12h40c6.6 0 12-5.4 12-12v-40c0-6.6-5.4-12-12-12h-40c-6.6 0-12 5.4-12 12v40c0 6.6 5.4 12 12 12zm180 124v36H0v-36c0-6.6 5.4-12 12-12h19.5V24c0-13.3 10.7-24 24-24h337c13.3 0 24 10.7 24 24v440H436c6.6 0 12 5.4 12 12zM79.5 463H192v-67c0-6.6 5.4-12 12-12h40c6.6 0 12 5.4 12 12v67h112.5V49L80 48l-.5 415z\"><\/path><\/svg>\t\t\t\t<\/span>\n\t\t\t<\/div>\n\t\t\t\n\t\t\t\t\t\t<div class=\"elementor-icon-box-content\">\n\n\t\t\t\t\t\t\t\t\t<h4 class=\"elementor-icon-box-title\">\n\t\t\t\t\t\t<span  >\n\t\t\t\t\t\t\t\u8a2a\u554f\t\t\t\t\t\t<\/span>\n\t\t\t\t\t<\/h4>\n\t\t\t\t\n\t\t\t\t\t\t\t\t\t<p class=\"elementor-icon-box-description\">\n\t\t\t\t\t\t\u4e2d\u56fd\u5e83\u6771\u7701\u6771\u839e\u5e02\u9577\u5b89\u93ae\u4e2d\u632f\u5927\u53a61319\u53f7\t\t\t\t\t<\/p>\n\t\t\t\t\n\t\t\t<\/div>\n\t\t\t\n\t\t<\/div>\n\t\t\t\t\t\t<\/div>\n\t\t\t\t<\/div>\n\t\t\t\t\t<\/div>\n\t\t\t\t<\/div>\n\t\t\t\t<\/div>\n\t\t<div class=\"elementor-element elementor-element-809186e e-flex e-con-boxed e-con e-parent\" data-id=\"809186e\" data-element_type=\"container\" data-e-type=\"container\" data-settings=\"{&quot;ekit_has_onepagescroll_dot&quot;:&quot;yes&quot;}\">\n\t\t\t\t\t<div class=\"e-con-inner\">\n\t\t<div class=\"elementor-element elementor-element-33e8177 e-con-full e-flex e-con e-child\" data-id=\"33e8177\" data-element_type=\"container\" data-e-type=\"container\" data-settings=\"{&quot;background_background&quot;:&quot;classic&quot;,&quot;ekit_has_onepagescroll_dot&quot;:&quot;yes&quot;}\">\n\t\t\t\t<div class=\"elementor-element elementor-element-5f7cafd elementor-widget elementor-widget-heading\" data-id=\"5f7cafd\" data-element_type=\"widget\" data-e-type=\"widget\" data-settings=\"{&quot;ekit_we_effect_on&quot;:&quot;none&quot;}\" data-widget_type=\"heading.default\">\n\t\t\t\t<div class=\"elementor-widget-container\">\n\t\t\t\t\t<h2 class=\"elementor-heading-title elementor-size-default\">MXY\u30de\u30b7\u30cb\u30f3\u30b0\u3092\u9078\u3076\u7406\u7531<\/h2>\t\t\t\t<\/div>\n\t\t\t\t<\/div>\n\t\t\t\t<div class=\"elementor-element elementor-element-d9d6316 elementor-widget elementor-widget-text-editor\" data-id=\"d9d6316\" data-element_type=\"widget\" data-e-type=\"widget\" data-settings=\"{&quot;ekit_we_effect_on&quot;:&quot;none&quot;}\" data-widget_type=\"text-editor.default\">\n\t\t\t\t<div class=\"elementor-widget-container\">\n\t\t\t\t\t\t\t\t\t<p>\u6b21\u306e\u30d7\u30ed\u30b8\u30a7\u30af\u30c8\u3092\u59cb\u3081\u308b\u6e96\u5099\u306f\u3067\u304d\u3066\u3044\u307e\u3059\u304b\uff1f3D CAD\u30c7\u30b6\u30a4\u30f3\u30d5\u30a1\u30a4\u30eb\u3092\u30a2\u30c3\u30d7\u30ed\u30fc\u30c9\u3057\u3066\u304f\u3060\u3055\u3044\u3002<\/p>\t\t\t\t\t\t\t\t<\/div>\n\t\t\t\t<\/div>\n\t\t\t\t<div class=\"elementor-element elementor-element-f8919a0 elementor-button-align-stretch elementor-widget elementor-widget-form\" data-id=\"f8919a0\" data-element_type=\"widget\" data-e-type=\"widget\" data-settings=\"{&quot;step_next_label&quot;:&quot;Next&quot;,&quot;step_previous_label&quot;:&quot;Previous&quot;,&quot;button_width&quot;:&quot;100&quot;,&quot;step_type&quot;:&quot;number_text&quot;,&quot;step_icon_shape&quot;:&quot;circle&quot;,&quot;ekit_we_effect_on&quot;:&quot;none&quot;}\" data-widget_type=\"form.default\">\n\t\t\t\t<div class=\"elementor-widget-container\">\n\t\t\t\t\t\t\t<form class=\"elementor-form\" method=\"post\" name=\"CTA Form\" aria-label=\"CTA\u30d5\u30a9\u30fc\u30e0\" action=\"\">\n\t\t\t<input type=\"hidden\" name=\"post_id\" value=\"13\"\/>\n\t\t\t<input type=\"hidden\" name=\"form_id\" value=\"f8919a0\"\/>\n\t\t\t<input type=\"hidden\" name=\"referer_title\" value=\"\" \/>\n\n\t\t\t\n\t\t\t<div class=\"elementor-form-fields-wrapper elementor-labels-above\">\n\t\t\t\t\t\t\t\t<div class=\"elementor-field-type-text elementor-field-group elementor-column elementor-field-group-name elementor-col-100\">\n\t\t\t\t\t\t\t\t\t\t\t\t\t<input size=\"1\" type=\"text\" name=\"form_fields[name]\" id=\"form-field-name\" class=\"elementor-field elementor-size-md  elementor-field-textual\" placeholder=\"\u540d\u79f0\">\n\t\t\t\t\t\t\t\t\t\t\t<\/div>\n\t\t\t\t\t\t\t\t<div class=\"elementor-field-type-email elementor-field-group elementor-column elementor-field-group-Email elementor-col-100 elementor-field-required\">\n\t\t\t\t\t\t\t\t\t\t\t\t\t<input size=\"1\" type=\"email\" name=\"form_fields[Email]\" id=\"form-field-Email\" class=\"elementor-field elementor-size-md  elementor-field-textual\" placeholder=\"\u96fb\u5b50\u30e1\u30fc\u30eb\" required=\"required\">\n\t\t\t\t\t\t\t\t\t\t\t<\/div>\n\t\t\t\t\t\t\t\t<div class=\"elementor-field-type-tel elementor-field-group elementor-column elementor-field-group-phone elementor-col-100 elementor-field-required\">\n\t\t\t\t\t\t\t<input size=\"1\" type=\"tel\" name=\"form_fields[phone]\" id=\"form-field-phone\" class=\"elementor-field elementor-size-md  elementor-field-textual\" placeholder=\"\u96fb\u8a71\" required=\"required\" pattern=\"[0-9()#&amp;+*-=.]+\" title=\"Seuls les caract\u00e8res de num\u00e9ros de t\u00e9l\u00e9phone (#, -, *, etc.) sont accept\u00e9s.\">\n\n\t\t\t\t\t\t<\/div>\n\t\t\t\t\t\t\t\t<div class=\"elementor-field-type-text elementor-field-group elementor-column elementor-field-group-Company elementor-col-100 elementor-field-required\">\n\t\t\t\t\t\t\t\t\t\t\t\t\t<input size=\"1\" type=\"text\" name=\"form_fields[Company]\" id=\"form-field-Company\" class=\"elementor-field elementor-size-md  elementor-field-textual\" placeholder=\"\u4f1a\u793e\u6982\u8981\" required=\"required\">\n\t\t\t\t\t\t\t\t\t\t\t<\/div>\n\t\t\t\t\t\t\t\t<div class=\"elementor-field-type-select elementor-field-group elementor-column elementor-field-group-Service elementor-col-100 elementor-field-required\">\n\t\t\t\t\t\t\t<div class=\"elementor-field elementor-select-wrapper remove-before\">\n\t\t\t<div class=\"select-caret-down-wrapper\">\n\t\t\t\t<svg aria-hidden=\"true\" class=\"e-font-icon-svg e-eicon-caret-down\" viewbox=\"0 0 571.4 571.4\" xmlns=\"http:\/\/www.w3.org\/2000\/svg\"><path d=\"M571 393Q571 407 561 418L311 668Q300 679 286 679T261 668L11 418Q0 407 0 393T11 368 36 357H536Q550 357 561 368T571 393Z\"><\/path><\/svg>\t\t\t<\/div>\n\t\t\t<select name=\"form_fields[Service]\" id=\"form-field-Service\" class=\"elementor-field-textual elementor-size-md\" required=\"required\">\n\t\t\t\t\t\t\t\t\t<option value=\"Select Category\">\u30ab\u30c6\u30b4\u30ea\u30fc\u3092\u9078\u629e<\/option>\n\t\t\t\t\t\t\t\t\t<option value=\"CNC Machining\">CNC\u52a0\u5de5<\/option>\n\t\t\t\t\t\t\t\t\t<option value=\"Additive Manufacturing\">\u30a2\u30c7\u30a3\u30c6\u30a3\u30d6\u30fb\u30de\u30cb\u30e5\u30d5\u30a1\u30af\u30c1\u30e3\u30ea\u30f3\u30b0<\/option>\n\t\t\t\t\t\t\t\t\t<option value=\"Plastic Part Manufacturing\">\u30d7\u30e9\u30b9\u30c1\u30c3\u30af\u90e8\u54c1\u88fd\u9020<\/option>\n\t\t\t\t\t\t\t\t\t<option value=\"Sheet Metal Fabrication\">\u677f\u91d1\u52a0\u5de5<\/option>\n\t\t\t\t\t\t\t\t\t<option value=\"Value-Added Solutions\">\u4ed8\u52a0\u4fa1\u5024\u30bd\u30ea\u30e5\u30fc\u30b7\u30e7\u30f3<\/option>\n\t\t\t\t\t\t\t<\/select>\n\t\t<\/div>\n\t\t\t\t\t\t<\/div>\n\t\t\t\t\t\t\t\t<div class=\"elementor-field-type-textarea elementor-field-group elementor-column elementor-field-group-message elementor-col-100\">\n\t\t\t\t\t<textarea class=\"elementor-field-textual elementor-field  elementor-size-md\" name=\"form_fields[message]\" id=\"form-field-message\" rows=\"4\" placeholder=\"\u30e1\u30c3\u30bb\u30fc\u30b8\"><\/textarea>\t\t\t\t<\/div>\n\t\t\t\t\t\t\t\t<div class=\"elementor-field-type-upload elementor-field-group elementor-column elementor-field-group-attachedfiles elementor-col-100\">\n\t\t\t\t\t\t\t<input type=\"file\" name=\"form_fields[attachedfiles]\" id=\"form-field-attachedfiles\" class=\"elementor-field elementor-size-md  elementor-upload-field\" data-maxsize=\"202\" data-maxsize-message=\"Ce fichier d\u00e9passe la taille maximale autoris\u00e9e.\">\n\n\t\t\t\t\t\t<\/div>\n\t\t\t\t\t\t\t\t<div class=\"elementor-field-type-altcha elementor-field-group elementor-column elementor-field-group-field_aa5ac16 elementor-col-100\">\n\t\t\t\t\t<div style=\"flex-basis:100%\"><altcha-widget challengeurl=\"https:\/\/cnc-machiningservices.com\/fr\/wp-json\/altcha\/v1\/challenge\" strings=\"{&quot;error&quot;:&quot;La v\\u00e9rification a \\u00e9chou\\u00e9. Veuillez r\\u00e9essayer plus tard.&quot;,&quot;footer&quot;:&quot;Prot\\u00e9g\\u00e9 par &lt;a href=\\&quot;https:\\\/\\\/altcha.org\\\/\\&quot; target=\\&quot;_blank\\&quot;&gt;ALTCHA&lt;\\\/a&gt;&quot;,&quot;label&quot;:&quot;Je ne suis pas un robot&quot;,&quot;verified&quot;:&quot;V\\u00e9rifi\\u00e9&quot;,&quot;verifying&quot;:&quot;En cours de v\\u00e9rification...&quot;,&quot;waitAlert&quot;:&quot;En cours de v\\u00e9rification... Veuillez patienter.&quot;}\" floating=\"auto\" hidefooter=\"1\"><\/altcha-widget><noscript><div class=\"altcha-no-javascript\">\u3053\u306e\u30d5\u30a9\u30fc\u30e0\u306b\u306fJavaScript\u304c\u5fc5\u8981\u3067\u3059\uff01<\/div><\/noscript><\/div><input type=\"hidden\" name=\"form_fields[field_aa5ac16]\" id=\"form-field-field_aa5ac16\" class=\"elementor-field elementor-size-md\">\t\t\t\t<\/div>\n\t\t\t\t\t\t\t\t<div class=\"elementor-field-type-text\">\n\t\t\t\t\t<input size=\"1\" type=\"text\" name=\"form_fields[field_1dcc43a]\" id=\"form-field-field_1dcc43a\" class=\"elementor-field elementor-size-md\" style=\"display:none !important;\">\t\t\t\t<\/div>\n\t\t\t\t\t\t\t\t<div class=\"elementor-field-group elementor-column elementor-field-type-submit elementor-col-100 e-form__buttons\">\n\t\t\t\t\t<button class=\"elementor-button elementor-size-sm\" type=\"submit\">\n\t\t\t\t\t\t<span class=\"elementor-button-content-wrapper\">\n\t\t\t\t\t\t\t\t\t\t\t\t\t\t\t\t\t\t\t\t\t\t<span class=\"elementor-button-text\">\u9001\u4fe1<\/span>\n\t\t\t\t\t\t\t\t\t\t\t\t\t<\/span>\n\t\t\t\t\t<\/button>\n\t\t\t\t<\/div>\n\t\t\t<\/div>\n\t\t<input type=\"hidden\" name=\"trp-form-language\" value=\"ja\"\/><\/form>\n\t\t\t\t\t\t<\/div>\n\t\t\t\t<\/div>\n\t\t\t\t<\/div>\n\t\t\t\t\t<\/div>\n\t\t\t\t<\/div>\n\t\t\t\t<\/div>","protected":false},"excerpt":{"rendered":"<p>Home Get in Touch Reach out to MXY Machining for expert guidance on precision manufacturing solutions. Our team is ready to assist with your custom project needs. Get In Touch Phone Number +86 13267261491 Email Us patrick@cnc-machiningservices.com Visit Us No. 1319 ZhongZhen Building Changan Town, Dongguan City, GuangDong Province, China Why Choose MXY Machining? Ready to start your next project? Upload your 3D CAD design files, and our experts will provide you with a quote promptly.<\/p>","protected":false},"author":3,"featured_media":0,"parent":0,"menu_order":0,"comment_status":"closed","ping_status":"closed","template":"","meta":{"_acf_changed":false,"footnotes":""},"class_list":["post-13","page","type-page","status-publish","hentry"],"acf":[],"_links":{"self":[{"href":"https:\/\/cnc-machiningservices.com\/ja\/wp-json\/wp\/v2\/pages\/13","targetHints":{"allow":["GET"]}}],"collection":[{"href":"https:\/\/cnc-machiningservices.com\/ja\/wp-json\/wp\/v2\/pages"}],"about":[{"href":"https:\/\/cnc-machiningservices.com\/ja\/wp-json\/wp\/v2\/types\/page"}],"author":[{"embeddable":true,"href":"https:\/\/cnc-machiningservices.com\/ja\/wp-json\/wp\/v2\/users\/3"}],"replies":[{"embeddable":true,"href":"https:\/\/cnc-machiningservices.com\/ja\/wp-json\/wp\/v2\/comments?post=13"}],"version-history":[{"count":230,"href":"https:\/\/cnc-machiningservices.com\/ja\/wp-json\/wp\/v2\/pages\/13\/revisions"}],"predecessor-version":[{"id":6855,"href":"https:\/\/cnc-machiningservices.com\/ja\/wp-json\/wp\/v2\/pages\/13\/revisions\/6855"}],"wp:attachment":[{"href":"https:\/\/cnc-machiningservices.com\/ja\/wp-json\/wp\/v2\/media?parent=13"}],"curies":[{"name":"wp","href":"https:\/\/api.w.org\/{rel}","templated":true}]}}